{"id":864,"date":"2021-12-07T12:34:31","date_gmt":"2021-12-07T11:34:31","guid":{"rendered":"https:\/\/farmaciasmeraldo.it\/farmacia\/?page_id=864"},"modified":"2024-06-26T14:48:25","modified_gmt":"2024-06-26T13:48:25","slug":"consegna","status":"publish","type":"page","link":"https:\/\/www.farmaciasmeraldo.it\/farmacia\/consegna\/","title":{"rendered":"Spedizione e consegna"},"content":{"rendered":"<h1>Consegna<\/h1>\n<p><br \/>\n<div class=\"letter\">\n<div class=\"letter-head\">\n<div class=\"letter-title heading-letter\">Esempio di busta<\/div>\n<div class=\"letter-pack\"><img loading=\"lazy\" decoding=\"async\" src=\"\/farmacia\/wp-content\/uploads\/example-package.jpg\" alt=\"Esempio di busta\" width=\"505\" height=\"105\"><\/div>\n<\/div>\n<div class=\"letter-desc\">Il tuo ordine sar\u00e0 imballato in modo sicuro e consegnato entro 24 ore. Questo \u00e8 l'aspetto dell'imballaggio (immagini reali dell'articolo inviato). Ha le dimensioni e l'aspetto di una normale lettera (24x11x0,7 cm) e non mancher\u00e0 il contenuto.<\/div>\n<\/div><br \/>\n<div class=\"delivery\">\n<div class=\"delivery-result\">\n<div class=\"delivery-unit\">\n<div class=\"delivery-unit-inner\">\n<div class=\"delivery-unit-type\">\n<div class=\"delivery-unit-label\">\n              Metodo di consegna<\/div>\n<div class=\"delivery-unit-value\">\n              Express<\/div>\n              <div class=\"delivery-unit-value\">\n              Post EU<\/div>\n<\/div>\n<div class=\"delivery-unit-term\">\n<div class=\"delivery-unit-label\">\n              Tempi di consegna<\/div>\n<div class=\"delivery-unit-value\">\n              4-11 giorni<\/div>\n              <div class=\"delivery-unit-value\">\n              8-13 giorni<\/div>\n<\/div>\n<div class=\"delivery-unit-price\">\n<div class=\"delivery-unit-label\">\n              Prezzo<\/div>\n<div class=\"delivery-unit-sum\">\n              \u20ac 14.99<\/div>\n              <div class=\"delivery-unit-sum\">\n              \u20ac 00.00 (ordina da \u20ac 200)<\/div>\n<\/div>\n<\/div>\n<\/div>\n<\/div>\n<\/div>\n<div class=\"advant-list\">\n<div class=\"advant-list-item\">\n          Spedizione internazionale<\/div>\n<div class=\"advant-list-item\">\n          Protezione e sicurezza<\/div>\n<div class=\"advant-list-item\">\n          Imballaggio discreto<\/div>\n<div class=\"advant-list-item\">\n          Garanzia di privacy e anonimato<\/div>\n<div class=\"advant-list-item\">\n          Consegna del suo ordine entro 21 giorni<\/div>\n<div class=\"advant-list-item\">\n          Consegna assicurata al 100%.<\/div>\n<\/div><\/p>\n<h2>Modalit\u00e0 di Consegna di Farmacia Smeraldo<\/h2>\n<p>La tua soddisfazione \u00e8 la nostra priorit\u00e0. Non appena completi l&#8217;ordine, confermi i dettagli di consegna e il pagamento, noi di Farmacia Smeraldo ci impegniamo a spedire il pacco il pi\u00f9 rapidamente possibile.<\/p>\n<p>Alcuni prodotti possono richiedere tempi di preparazione pi\u00f9 lunghi a causa della loro indisponibilit\u00e0 immediata in magazzino. In questi casi, collaboriamo con affidabili fornitori esterni per garantire che i tuoi articoli vengano spediti senza costi aggiuntivi non appena disponibili. Riceverai una comunicazione dal nostro servizio clienti nel momento in cui il prodotto sar\u00e0 pronto per la spedizione.<\/p>\n<p>Se hai urgenza e necessiti di una consegna rapida, faccelo sapere nel campo &#8220;commenti&#8221; al momento dell&#8217;ordine. Inoltre, specifica se desideri una consegna in un intervallo di tempo specifico o se l&#8217;ordine deve essere consegnato in un luogo particolare come un ufficio o un edificio aziendale che potrebbe richiedere istruzioni dettagliate per il ritrovamento. Il nostro obiettivo \u00e8 facilitarti la ricezione dell&#8217;ordine.<\/p>\n<p>Gli ordini sono sempre inviati all&#8217;indirizzo specificato durante la fase di acquisto e vengono generalmente spediti tramite corriere UE per garantire efficienza e sicurezza.<\/p>\n<p>Raccomandiamo di effettuare tutti i tuoi acquisti in una sola sessione per minimizzare le spese di spedizione.<\/p>\n<p><strong>Dettagli della spedizione tramite Posta Prioritaria dell&#8217;UE:<\/strong><\/p>\n<ul>\n<li>Tempi di consegna: 4 &ndash; 13 giorni lavorativi.<\/li>\n<\/ul>\n<p>\u00c8 importante controllare immediatamente il pacco al momento della consegna per assicurarsi che non sia danneggiato. In caso di danni, \u00e8 essenziale contattare il nostro supporto clienti senza indugi per risolvere prontamente la situazione.<\/p>\n<p>Tutte queste misure sono messe in atto per garantire che la tua esperienza con Farmacia Smeraldo sia il pi\u00f9 piacevole e senza problemi possibile.<\/p>\n","protected":false},"excerpt":{"rendered":"<p>Consegna Modalit\u00e0 di Consegna di Farmacia Smeraldo La tua soddisfazione \u00e8 la nostra priorit\u00e0. Non appena completi l&#8217;ordine, confermi i<\/p>\n","protected":false},"author":2,"featured_media":0,"parent":0,"menu_order":0,"comment_status":"closed","ping_status":"closed","template":"","meta":{"footnotes":""},"_links":{"self":[{"href":"https:\/\/www.farmaciasmeraldo.it\/farmacia\/wp-json\/wp\/v2\/pages\/864"}],"collection":[{"href":"https:\/\/www.farmaciasmeraldo.it\/farmacia\/wp-json\/wp\/v2\/pages"}],"about":[{"href":"https:\/\/www.farmaciasmeraldo.it\/farmacia\/wp-json\/wp\/v2\/types\/page"}],"author":[{"embeddable":true,"href":"https:\/\/www.farmaciasmeraldo.it\/farmacia\/wp-json\/wp\/v2\/users\/2"}],"replies":[{"embeddable":true,"href":"https:\/\/www.farmaciasmeraldo.it\/farmacia\/wp-json\/wp\/v2\/comments?post=864"}],"version-history":[{"count":7,"href":"https:\/\/www.farmaciasmeraldo.it\/farmacia\/wp-json\/wp\/v2\/pages\/864\/revisions"}],"predecessor-version":[{"id":3618,"href":"https:\/\/www.farmaciasmeraldo.it\/farmacia\/wp-json\/wp\/v2\/pages\/864\/revisions\/3618"}],"wp:attachment":[{"href":"https:\/\/www.farmaciasmeraldo.it\/farmacia\/wp-json\/wp\/v2\/media?parent=864"}],"curies":[{"name":"wp","href":"https:\/\/api.w.org\/{rel}","templated":true}]}}